{"id":6680,"date":"2024-01-26T08:48:25","date_gmt":"2024-01-26T16:48:25","guid":{"rendered":"https:\/\/broadmigration.flywheelsites.com\/?page_id=6680"},"modified":"2024-10-16T00:05:33","modified_gmt":"2024-10-16T00:05:33","slug":"calexico","status":"publish","type":"page","link":"https:\/\/mylawyermark.com\/es\/abogado-de-accidentes-imperial-county\/calexico\/","title":{"rendered":"Abogados de Accidentes en Calexico, CA"},"content":{"rendered":"<p><span style=\"font-weight: 400;\">Los <\/span><b>abogados de accidentes en Calexico <\/b><span style=\"font-weight: 400;\">de Mi Abogado Mark tienen m\u00e1s de 35 a\u00f1os de experiencia conjunta en todo tipo de accidentes; conocen la ley y saben ganar. La firma tiene la misi\u00f3n de dar servicios legales de calidad y acceso igualitario a la justicia. Tratamos a nuestros clientes como si fuesen de la familia, y siempre atendemos sus llamados. Si te lastimaste y quieres recibir compensaci\u00f3n, ll\u00e1manos al <a href=\"tel:1-866-238-9668\">(866) 721-5808<\/a> para hacer tu consulta gr\u00e1tis.<\/span><\/p>\n<p><span style=\"font-weight: 400;\">Si est\u00e1s en la b\u00fasqueda de &#8220;<\/span><span style=\"font-weight: 400;\">abogados de accidentes cerca de m\u00ed<\/span><span style=\"font-weight: 400;\">&#8221; en Imperial County u otras ciudades del Sur de California, Mi Abogado Mark tiene m\u00faltiples sucursales en Los \u00c1ngeles (nuestra oficina principal), condados de Orange, San Diego, San Bernardino, Sacramento, Ventura y Kern. Peleamos hasta el \u00faltimo centavo que te corresponde por ley.<\/span><\/p>\n<h2><span style=\"font-weight: 400;\">Abogados de Accidentes en Calexico Con Experiencia<\/span><\/h2>\n<p><span style=\"font-weight: 400;\">En Mi Abogado Mark nos destacamos como una firma de <\/span><span style=\"font-weight: 400;\">latin accidents lawyers<\/span><span style=\"font-weight: 400;\"> comprometida con la comunidad hispana en el Sur de California. No importa tu estatus migratorio ni si hablas ingl\u00e9s: todos tienen derechos. En Mi Abogado Mark estamos aqu\u00ed para protegerlos. Al elegir nuestros servicios, recibir\u00e1s:<\/span><\/p>\n<p><span style=\"font-weight: 400;\">\u2713 Asistencia en Espa\u00f1ol.<\/span><\/p>\n<p><span style=\"font-weight: 400;\">\u2713 Consulta gr\u00e1tis.<\/span><\/p>\n<p><span style=\"font-weight: 400;\">\u2713 Disponibilidad las 24 horas del d\u00eda, los 7 d\u00edas de la semana.<\/span><\/p>\n<p><span style=\"font-weight: 400;\">\u2713 M\u00e1s de 35 a\u00f1os de experiencia combinada en todo tipo de casos de accidentes.<\/span><\/p>\n<p><span style=\"font-weight: 400;\">\u2713 No pagas honorarios hasta que obtengamos una compensaci\u00f3n para ti. Y si no ganamos, no tienes que pagar.<\/span><\/p>\n<p><span style=\"font-weight: 400;\">\u2713 Acceso a los mejores profesionales m\u00e9dicos.<\/span><\/p>\n<p><span style=\"font-weight: 400;\">\u2713 Si es necesario, podemos trasladarnos a tu domicilio para brindarte atenci\u00f3n.<\/span><\/p>\n<h2><span style=\"font-weight: 400;\">\u00bfQu\u00e9 Debo Hacer Despu\u00e9s de un Accidente?<\/span><\/h2>\n<ul>\n<li style=\"font-weight: 400;\" aria-level=\"1\"><span style=\"font-weight: 400;\">Contacta al 911 para solicitar la intervenci\u00f3n policial y elaborar un informe del accidente.<\/span><\/li>\n<li style=\"font-weight: 400;\" aria-level=\"1\"><span style=\"font-weight: 400;\">Solicita ayuda m\u00e9dica de inmediato.<\/span><\/li>\n<li style=\"font-weight: 400;\" aria-level=\"1\"><span style=\"font-weight: 400;\">Obt\u00e9n los nombres, n\u00fameros de tel\u00e9fono, informaci\u00f3n de seguros y placas de los veh\u00edculos implicados.<\/span><\/li>\n<li style=\"font-weight: 400;\" aria-level=\"1\"><span style=\"font-weight: 400;\">Obt\u00e9n los nombres y n\u00fameros de tel\u00e9fono de las personas dispuestas a dar testimonio.<\/span><\/li>\n<li style=\"font-weight: 400;\" aria-level=\"1\"><span style=\"font-weight: 400;\">Utiliza tu tel\u00e9fono m\u00f3vil para capturar im\u00e1genes y\/o videos de tus lesiones, de los veh\u00edculos involucrados y del lugar del accidente.<\/span><\/li>\n<li style=\"font-weight: 400;\" aria-level=\"1\"><span style=\"font-weight: 400;\">Comun\u00edcate con nuestros <\/span><b>abogados de accidentes en Calexico<\/b><span style=\"font-weight: 400;\"> al <a href=\"tel:1-866-238-9668\">(866) 721-5808<\/a>.<\/span><\/li>\n<\/ul>\n<h3><span style=\"font-weight: 400;\">Qu\u00e9 NO Debes Hacer<\/span><\/h3>\n<p><span style=\"font-weight: 400;\">En primer lugar, no te vayas del lugar del choque sin intercambiar informaci\u00f3n con los otros involucrados. Es crucial no admitir culpa en el momento del accidente. En su lugar, contacta a las autoridades y coopera con ellas en la creaci\u00f3n de un reporte policial detallado. Adem\u00e1s, abstente de compartir detalles del incidente en redes sociales, ya que esto podr\u00eda perjudicar tus derechos legales.\u00a0<\/span><\/p>\n<p><span style=\"font-weight: 400;\">Es vital buscar atenci\u00f3n m\u00e9dica para recibir un chequeo y documentar cualquier lesi\u00f3n. No suspendas ning\u00fan tratamiento que los m\u00e9dicos te den, ni faltes a ninguna terapia o visita m\u00e9dica. Tampoco dejes que el estr\u00e9s te domine despu\u00e9s del accidente; toma las medidas adecuadas y busca el apoyo necesario.<\/span><\/p>\n<h2><span style=\"font-weight: 400;\">Accidentes y Lesiones con los que Podemos Ayudarte<\/span><\/h2>\n<p><span style=\"font-weight: 400;\">Experimentar cualquier tipo de accidente puede traer consecuencias que trascienden los da\u00f1os materiales. Los accidentes pueden resultar en lesiones o traumas psicol\u00f3gicos delicados que alteran significativamente la vida de las v\u00edctimas, a veces de manera permanente. Para mitigar este impacto, es aconsejable buscar la asistencia de un abogado especializado en lesiones personales, quien puede ayudarte a obtener compensaci\u00f3n por los da\u00f1os sufridos.<\/span><\/p>\n<p><span style=\"font-weight: 400;\">Si has experimentado otro tipo de accidente o lesi\u00f3n que no mencionemos a contrinuaci\u00f3n, no dudes en llamarnos al <a href=\"tel:1-866-238-9668\">(866) 721-5808<\/a> para una consulta gratuita y evaluar tu situaci\u00f3n.<\/span><\/p>\n<h3><span style=\"font-weight: 400;\">Accidentes<\/span><\/h3>\n<ul>\n<li style=\"font-weight: 400;\" aria-level=\"1\"><span style=\"font-weight: 400;\">Accidentes de auto<\/span><\/li>\n<li style=\"font-weight: 400;\" aria-level=\"1\"><span style=\"font-weight: 400;\">Accidentes de motocicleta<\/span><\/li>\n<li style=\"font-weight: 400;\" aria-level=\"1\"><span style=\"font-weight: 400;\">Accidentes de camiones<\/span><\/li>\n<li style=\"font-weight: 400;\" aria-level=\"1\"><span style=\"font-weight: 400;\">Resbalones y ca\u00eddas<\/span><\/li>\n<li style=\"font-weight: 400;\" aria-level=\"1\"><span style=\"font-weight: 400;\">Accidentes de peatones<\/span><\/li>\n<li style=\"font-weight: 400;\" aria-level=\"1\"><span style=\"font-weight: 400;\">Accidentes de Uber y Lyft<\/span><\/li>\n<li style=\"font-weight: 400;\" aria-level=\"1\"><span style=\"font-weight: 400;\">Accidentes de bicicleta<\/span><\/li>\n<li style=\"font-weight: 400;\" aria-level=\"1\"><span style=\"font-weight: 400;\">Mordidas de perro<\/span><\/li>\n<\/ul>\n<h3><span style=\"font-weight: 400;\">Lesiones<\/span><\/h3>\n<ul>\n<li style=\"font-weight: 400;\" aria-level=\"1\"><span style=\"font-weight: 400;\">Amputaciones<\/span><\/li>\n<li style=\"font-weight: 400;\" aria-level=\"1\"><span style=\"font-weight: 400;\">Lesi\u00f3n Cerebral Traum\u00e1tica<\/span><\/li>\n<li style=\"font-weight: 400;\" aria-level=\"1\"><span style=\"font-weight: 400;\">Lesi\u00f3n en la M\u00e9dula Espinal<\/span><\/li>\n<li style=\"font-weight: 400;\" aria-level=\"1\"><span style=\"font-weight: 400;\">Par\u00e1lisis<\/span><\/li>\n<li style=\"font-weight: 400;\" aria-level=\"1\"><span style=\"font-weight: 400;\">Quemaduras<\/span><\/li>\n<\/ul>\n<h2><span style=\"font-weight: 400;\">\u00bfCu\u00e1nto Puedo Obtener de Compensaci\u00f3n?<\/span><\/h2>\n<p><span style=\"font-weight: 400;\">En California, calcular la compensaci\u00f3n por accidentes contempla los costos asociados con el tratamiento m\u00e9dico, la p\u00e9rdida de ingresos debido a la incapacidad para trabajar, y otros aspectos m\u00e1s subjetivos como el dolor y el sufrimiento. Los abogados especializados en accidentes y las compa\u00f1\u00edas de seguros utilizan un m\u00e9todo espec\u00edfico para evaluar el valor de un reclamo.<\/span><\/p>\n<p><span style=\"font-weight: 400;\">Este m\u00e9todo implica sumar todos los da\u00f1os sufridos y luego multiplicar el total por un factor que var\u00eda entre 1.5 y 5, dependiendo de la gravedad del accidente. La determinaci\u00f3n de este factor se basa en consideraciones como la magnitud del accidente o la posible responsabilidad del individuo en el suceso.<\/span><\/p>\n<p><span style=\"font-weight: 400;\">Para obtener m\u00e1s informaci\u00f3n detallada sobre c\u00f3mo se determina el valor de una compensaci\u00f3n por accidente, te recomendamos consultar los siguientes art\u00edculos en nuestro blog:<\/span><\/p>\n<p><i><span style=\"font-weight: 400;\">\u00bfCu\u00e1nto Vale mi Caso de Accidente?<\/span><\/i><i><span style=\"font-weight: 400;\">\u00a0<\/span><\/i><\/p>\n<p><i><span style=\"font-weight: 400;\">Cuanto es La Indemnizacion por Lesiones Personales (CA 2024)<\/span><\/i><\/p>\n<h3><span style=\"font-weight: 400;\">Da\u00f1os Que Se Pueden Reclamar<\/span><\/h3>\n<p><span style=\"font-weight: 400;\">Los da\u00f1os compensatorios, tambi\u00e9n llamados simplemente &#8220;da\u00f1os&#8221;, representan la cantidad que el responsable del incidente debe compensar a la v\u00edctima por las p\u00e9rdidas sufridas. En casos de accidentes o lesiones personales en California, estos da\u00f1os compensatorios se dividen en dos categor\u00edas principales:<\/span><\/p>\n<h4><span style=\"font-weight: 400;\">Da\u00f1os Econ\u00f3micos:<\/span><\/h4>\n<ul>\n<li style=\"font-weight: 400;\" aria-level=\"1\"><span style=\"font-weight: 400;\">Gastos m\u00e9dicos.<\/span><\/li>\n<li style=\"font-weight: 400;\" aria-level=\"1\"><span style=\"font-weight: 400;\">P\u00e9rdida de ingresos debido a la incapacidad laboral.<\/span><\/li>\n<li style=\"font-weight: 400;\" aria-level=\"1\"><span style=\"font-weight: 400;\">Costos de reparaci\u00f3n o reemplazo del veh\u00edculo.<\/span><\/li>\n<li style=\"font-weight: 400;\" aria-level=\"1\"><span style=\"font-weight: 400;\">P\u00e9rdida de oportunidades laborales futuras.<\/span><\/li>\n<li style=\"font-weight: 400;\" aria-level=\"1\"><span style=\"font-weight: 400;\">Tratamientos de rehabilitaci\u00f3n f\u00edsica.<\/span><\/li>\n<li style=\"font-weight: 400;\" aria-level=\"1\"><span style=\"font-weight: 400;\">Tarifas de servicios de emergencia.<\/span><\/li>\n<\/ul>\n<h4><span style=\"font-weight: 400;\">Da\u00f1os No-Econ\u00f3micos:<\/span><\/h4>\n<ul>\n<li style=\"font-weight: 400;\" aria-level=\"1\"><span style=\"font-weight: 400;\">Dolor emocional.<\/span><\/li>\n<li style=\"font-weight: 400;\" aria-level=\"1\"><span style=\"font-weight: 400;\">Sufrimiento psicol\u00f3gico.<\/span><\/li>\n<li style=\"font-weight: 400;\" aria-level=\"1\"><span style=\"font-weight: 400;\">P\u00e9rdida del disfrute de la vida.<\/span><\/li>\n<li style=\"font-weight: 400;\" aria-level=\"1\"><span style=\"font-weight: 400;\">Angustia emocional.<\/span><\/li>\n<li style=\"font-weight: 400;\" aria-level=\"1\"><span style=\"font-weight: 400;\">Cambios en la apariencia.<\/span><\/li>\n<li style=\"font-weight: 400;\" aria-level=\"1\"><span style=\"font-weight: 400;\">Amputaci\u00f3n.<\/span><\/li>\n<li style=\"font-weight: 400;\" aria-level=\"1\"><span style=\"font-weight: 400;\">P\u00e9rdida del consorcio.<\/span><\/li>\n<\/ul>\n<h3><span style=\"font-weight: 400;\">\u00bfCu\u00e1ndo Debo Empezar mi Reclamo?<\/span><\/h3>\n<p><span style=\"font-weight: 400;\">En California, tienes un plazo de hasta dos a\u00f1os para presentar tu reclamo por accidente, contados a partir de la fecha en que ocurri\u00f3 el incidente. Sin embargo, si el accidente ocurri\u00f3 en un edificio o entidad gubernamental, como el cuartel de polic\u00eda de la Ciudad de Los \u00c1ngeles o la oficina postal de la ciudad, adem\u00e1s de los dos a\u00f1os, dispones de seis (6) meses desde el d\u00eda del accidente para notificar a esa entidad sobre tu reclamo.<\/span><\/p>\n<p><span style=\"font-weight: 400;\">Para obtener informaci\u00f3n m\u00e1s detallada, te recomendamos consultar el siguiente art\u00edculo:<\/span><\/p>\n<p><i><span style=\"font-weight: 400;\">Cu\u00e1nto Tiempo Tengo para Poner una Demanda por Da\u00f1os<\/span><\/i><\/p>\n<h3><span style=\"font-weight: 400;\">Tuve Parte de la Culpa. \u00bfPuedo Reclamar Igualmente?<\/span><\/h3>\n<p><span style=\"font-weight: 400;\">En California, rige el principio de responsabilidad comparativa pura. Esto implica que, en casos de lesiones personales, es posible recibir alguna compensaci\u00f3n aunque se determine que tienes una responsabilidad de hasta el 99%. Incluso si eres mayormente responsable de tus propias lesiones, a\u00fan <\/span><b>puedes presentar un reclamo<\/b><span style=\"font-weight: 400;\">, aunque el tribunal ajustar\u00e1 tu compensaci\u00f3n seg\u00fan tu grado de culpa asignado.<\/span><\/p>\n<h3><span style=\"font-weight: 400;\">\u00bfPuedo Reclamar Si No Tengo Papeles?<\/span><\/h3>\n<p><span style=\"font-weight: 400;\">La situaci\u00f3n legal, tanto la tuya como la de los dem\u00e1s involucrados en tu accidente, no afecta en nada al derecho a reclamar. De hecho, es inadmisible mencionar el estatus migratorio de alguien, y mucho menos utilizarlo para amenazar con deportaci\u00f3n u otras t\u00e1cticas que busquen disuadirte de presentar tu reclamo.<\/span><\/p>\n<p><span style=\"font-weight: 400;\">Incluso si no tienes estatus migratorio y no hablas ingl\u00e9s, a\u00fan puedes hacer tu reclamo. Contar con <\/span><span style=\"font-weight: 400;\">abogados que hablen Espa\u00f1ol<\/span><span style=\"font-weight: 400;\"> te proporcionar\u00e1 la tranquilidad de entender cada etapa de tu demanda. Adem\u00e1s, tendr\u00e1s la ventaja de poder explicar detalladamente lo sucedido de manera confidencial a un abogado profesional que te comprende en tu idioma.<\/span><\/p>\n<h3><span style=\"font-weight: 400;\">\u00bfQu\u00e9 Pasa Cuando Alguien Muere en un Accidente?<\/span><\/h3>\n<p><span style=\"font-weight: 400;\">Si un familiar fallece en un accidente, es posible buscar compensaci\u00f3n para cubrir los gastos del funeral, los costos m\u00e9dicos y otros da\u00f1os sufridos por la v\u00edctima. Aunque nada puede reemplazar la p\u00e9rdida de un ser querido, este tipo de reclamos est\u00e1n destinados a ayudar con los gastos mencionados anteriormente.<\/span><\/p>\n<p><span style=\"font-weight: 400;\">Un <\/span><span style=\"font-weight: 400;\">abogado de muerte injusta<\/span><span style=\"font-weight: 400;\"> puede evaluar si se puede presentar un reclamo, qui\u00e9n puede hacerlo y c\u00f3mo, as\u00ed como qu\u00e9 aspectos son reclamables, entre otros detalles. En ocasiones, las aseguradoras intentan culpar a la persona fallecida y responsabilizarla del accidente. Un abogado competente puede proteger los derechos de los sobrevivientes y determinar el grado de responsabilidad de la v\u00edctima, si es que la hubiera.<\/span><\/p>\n<h2><span style=\"font-weight: 400;\">\u00bfCu\u00e1nto Cuesta Contratar a Abogados de Accidentes en Calexico?<\/span><\/h2>\n<p><span style=\"font-weight: 400;\">Los abogados de Mi Abogado Mark operan bajo un modelo de honorarios de contingencia, lo que implica que reciben un porcentaje del acuerdo final alcanzado en tu reclamo como su compensaci\u00f3n. No tienes que pagar directamente por nuestros servicios legales. Este enfoque te permite concentrarte en tu recuperaci\u00f3n mientras nosotros nos ocupamos de tu caso. Para obtener m\u00e1s informaci\u00f3n, haz clic en el siguiente enlace:<\/span><\/p>\n<p><i><span style=\"font-weight: 400;\">\u00bfCu\u00e1nto Cobra un Abogado de Accidentes?<\/span><\/i><\/p>\n<h2><span style=\"font-weight: 400;\">Abogados de Accidentes en Calexico: Consulta Gr\u00e1tis en Espa\u00f1ol<\/span><\/h2>\n<p><span style=\"font-weight: 400;\">Si est\u00e1s buscando <\/span><b>abogados de accidentes en Calexico, <span style=\"font-weight: 400;\">Mi Abogado Mark<\/span><\/b><span style=\"font-weight: 400;\">\u00a0es tu mejor opci\u00f3n. Tenemos la experiencia, el conocimiento legal y la voluntad de ganar para obtener la mayor compensaci\u00f3n econ\u00f3mica para t\u00ed. No te conformes con menos y no dejes pasar la oportunidad. Llama al <a href=\"tel:1-866-238-9668\">(866) 721-5808<\/a> para hacer tu consulta gr\u00e1tis y comenzar a hacer tu reclamo cuanto antes.<\/span><\/p>","protected":false},"excerpt":{"rendered":"<p>Los abogados de accidentes en Calexico de Mi Abogado Mark tienen m\u00e1s de 35 a\u00f1os de experiencia conjunta en todo tipo de accidentes; conocen la ley y saben ganar. La firma tiene la misi\u00f3n de dar servicios legales de calidad y acceso igualitario a la justicia. Tratamos a nuestros clientes como si fuesen de la&#8230;<\/p>","protected":false},"author":13,"featured_media":6681,"parent":6677,"menu_order":0,"comment_status":"closed","ping_status":"closed","template":"","meta":{"_acf_changed":false,"footnotes":""},"class_list":["post-6680","page","type-page","status-publish","has-post-thumbnail","hentry"],"acf":[],"yoast_head":"<!-- This site is optimized with the Yoast SEO plugin v27.5 - https:\/\/yoast.com\/product\/yoast-seo-wordpress\/ -->\n<title>Abogados de Accidentes en Calexico, CA | Consulta Gr\u00e1tis<\/title>\n<meta name=\"description\" content=\"Abogados de accidentes en Calexico. Consulta gr\u00e1tis al (866) 721-5808. Accidentes de carro, bicicleta, mordidas de perro, y m\u00e1s.\" \/>\n<meta name=\"robots\" content=\"index, follow, max-snippet:-1, max-image-preview:large, max-video-preview:-1\" \/>\n<link rel=\"canonical\" href=\"https:\/\/mylawyermark.com\/es\/abogado-de-accidentes-imperial-county\/calexico\/\" \/>\n<meta property=\"og:locale\" content=\"es_MX\" \/>\n<meta property=\"og:type\" content=\"article\" \/>\n<meta property=\"og:title\" content=\"Abogados de Accidentes en Calexico, CA | Consulta Gr\u00e1tis\" \/>\n<meta property=\"og:description\" content=\"Abogados de accidentes en Calexico. Consulta gr\u00e1tis al (866) 721-5808. Accidentes de carro, bicicleta, mordidas de perro, y m\u00e1s.\" \/>\n<meta property=\"og:url\" content=\"https:\/\/mylawyermark.com\/es\/abogado-de-accidentes-imperial-county\/calexico\/\" \/>\n<meta property=\"og:site_name\" content=\"My Lawyer Mark\" \/>\n<meta property=\"article:modified_time\" content=\"2024-10-16T00:05:33+00:00\" \/>\n<meta name=\"twitter:card\" content=\"summary_large_image\" \/>\n<meta name=\"twitter:label1\" content=\"Tiempo de lectura\" \/>\n\t<meta name=\"twitter:data1\" content=\"7 minutos\" \/>\n<script type=\"application\/ld+json\" class=\"yoast-schema-graph\">{\"@context\":\"https:\\\/\\\/schema.org\",\"@graph\":[{\"@type\":\"WebPage\",\"@id\":\"https:\\\/\\\/mylawyermark.com\\\/personal-injury-lawyer-imperial-county\\\/calexico\\\/\",\"url\":\"https:\\\/\\\/mylawyermark.com\\\/personal-injury-lawyer-imperial-county\\\/calexico\\\/\",\"name\":\"Abogados de Accidentes en Calexico, CA | Consulta Gr\u00e1tis\",\"isPartOf\":{\"@id\":\"https:\\\/\\\/mylawyermark.com\\\/#website\"},\"primaryImageOfPage\":{\"@id\":\"https:\\\/\\\/mylawyermark.com\\\/personal-injury-lawyer-imperial-county\\\/calexico\\\/#primaryimage\"},\"image\":{\"@id\":\"https:\\\/\\\/mylawyermark.com\\\/personal-injury-lawyer-imperial-county\\\/calexico\\\/#primaryimage\"},\"thumbnailUrl\":\"\",\"datePublished\":\"2024-01-26T16:48:25+00:00\",\"dateModified\":\"2024-10-16T00:05:33+00:00\",\"description\":\"Abogados de accidentes en Calexico. Consulta gr\u00e1tis al (866) 721-5808. Accidentes de carro, bicicleta, mordidas de perro, y m\u00e1s.\",\"breadcrumb\":{\"@id\":\"https:\\\/\\\/mylawyermark.com\\\/personal-injury-lawyer-imperial-county\\\/calexico\\\/#breadcrumb\"},\"inLanguage\":\"es\",\"potentialAction\":[{\"@type\":\"ReadAction\",\"target\":[\"https:\\\/\\\/mylawyermark.com\\\/personal-injury-lawyer-imperial-county\\\/calexico\\\/\"]}]},{\"@type\":\"ImageObject\",\"inLanguage\":\"es\",\"@id\":\"https:\\\/\\\/mylawyermark.com\\\/personal-injury-lawyer-imperial-county\\\/calexico\\\/#primaryimage\",\"url\":\"\",\"contentUrl\":\"\"},{\"@type\":\"BreadcrumbList\",\"@id\":\"https:\\\/\\\/mylawyermark.com\\\/personal-injury-lawyer-imperial-county\\\/calexico\\\/#breadcrumb\",\"itemListElement\":[{\"@type\":\"ListItem\",\"position\":1,\"name\":\"Home\",\"item\":\"https:\\\/\\\/mylawyermark.com\\\/\"},{\"@type\":\"ListItem\",\"position\":2,\"name\":\"Abogados de Accidentes en Imperial County, CA\",\"item\":\"https:\\\/\\\/mylawyermark.com\\\/personal-injury-lawyer-imperial-county\\\/\"},{\"@type\":\"ListItem\",\"position\":3,\"name\":\"Abogados de Accidentes en Calexico, CA\"}]},{\"@type\":\"WebSite\",\"@id\":\"https:\\\/\\\/mylawyermark.com\\\/#website\",\"url\":\"https:\\\/\\\/mylawyermark.com\\\/\",\"name\":\"My Lawyer Mark\",\"description\":\"The Accident, Injury, and Compensation Attorney\",\"publisher\":{\"@id\":\"https:\\\/\\\/mylawyermark.com\\\/#organization\"},\"alternateName\":\"Mi Abogado Mark\",\"potentialAction\":[{\"@type\":\"SearchAction\",\"target\":{\"@type\":\"EntryPoint\",\"urlTemplate\":\"https:\\\/\\\/mylawyermark.com\\\/?s={search_term_string}\"},\"query-input\":{\"@type\":\"PropertyValueSpecification\",\"valueRequired\":true,\"valueName\":\"search_term_string\"}}],\"inLanguage\":\"es\"},{\"@type\":\"Organization\",\"@id\":\"https:\\\/\\\/mylawyermark.com\\\/#organization\",\"name\":\"My Lawyer Mark\",\"alternateName\":\"My Lawyer Mark\",\"url\":\"https:\\\/\\\/mylawyermark.com\\\/\",\"logo\":{\"@type\":\"ImageObject\",\"inLanguage\":\"es\",\"@id\":\"https:\\\/\\\/mylawyermark.com\\\/#\\\/schema\\\/logo\\\/image\\\/\",\"url\":\"https:\\\/\\\/mylawyermark.com\\\/wp-content\\\/uploads\\\/2024\\\/04\\\/My-Lawyer-Mark-Logo-GOLD-ON-BLACK.svg\",\"contentUrl\":\"https:\\\/\\\/mylawyermark.com\\\/wp-content\\\/uploads\\\/2024\\\/04\\\/My-Lawyer-Mark-Logo-GOLD-ON-BLACK.svg\",\"width\":\"1024\",\"height\":\"1024\",\"caption\":\"My Lawyer Mark\"},\"image\":{\"@id\":\"https:\\\/\\\/mylawyermark.com\\\/#\\\/schema\\\/logo\\\/image\\\/\"}}]}<\/script>\n<!-- \/ Yoast SEO plugin. -->","yoast_head_json":{"title":"Abogados de Accidentes en Calexico, CA | Consulta Gr\u00e1tis","description":"Abogados de accidentes en Calexico. Consulta gr\u00e1tis al (866) 721-5808. Accidentes de carro, bicicleta, mordidas de perro, y m\u00e1s.","robots":{"index":"index","follow":"follow","max-snippet":"max-snippet:-1","max-image-preview":"max-image-preview:large","max-video-preview":"max-video-preview:-1"},"canonical":"https:\/\/mylawyermark.com\/es\/abogado-de-accidentes-imperial-county\/calexico\/","og_locale":"es_MX","og_type":"article","og_title":"Abogados de Accidentes en Calexico, CA | Consulta Gr\u00e1tis","og_description":"Abogados de accidentes en Calexico. Consulta gr\u00e1tis al (866) 721-5808. Accidentes de carro, bicicleta, mordidas de perro, y m\u00e1s.","og_url":"https:\/\/mylawyermark.com\/es\/abogado-de-accidentes-imperial-county\/calexico\/","og_site_name":"My Lawyer Mark","article_modified_time":"2024-10-16T00:05:33+00:00","twitter_card":"summary_large_image","twitter_misc":{"Tiempo de lectura":"7 minutos"},"schema":{"@context":"https:\/\/schema.org","@graph":[{"@type":"WebPage","@id":"https:\/\/mylawyermark.com\/personal-injury-lawyer-imperial-county\/calexico\/","url":"https:\/\/mylawyermark.com\/personal-injury-lawyer-imperial-county\/calexico\/","name":"Abogados de Accidentes en Calexico, CA | Consulta Gr\u00e1tis","isPartOf":{"@id":"https:\/\/mylawyermark.com\/#website"},"primaryImageOfPage":{"@id":"https:\/\/mylawyermark.com\/personal-injury-lawyer-imperial-county\/calexico\/#primaryimage"},"image":{"@id":"https:\/\/mylawyermark.com\/personal-injury-lawyer-imperial-county\/calexico\/#primaryimage"},"thumbnailUrl":"","datePublished":"2024-01-26T16:48:25+00:00","dateModified":"2024-10-16T00:05:33+00:00","description":"Abogados de accidentes en Calexico. Consulta gr\u00e1tis al (866) 721-5808. Accidentes de carro, bicicleta, mordidas de perro, y m\u00e1s.","breadcrumb":{"@id":"https:\/\/mylawyermark.com\/personal-injury-lawyer-imperial-county\/calexico\/#breadcrumb"},"inLanguage":"es","potentialAction":[{"@type":"ReadAction","target":["https:\/\/mylawyermark.com\/personal-injury-lawyer-imperial-county\/calexico\/"]}]},{"@type":"ImageObject","inLanguage":"es","@id":"https:\/\/mylawyermark.com\/personal-injury-lawyer-imperial-county\/calexico\/#primaryimage","url":"","contentUrl":""},{"@type":"BreadcrumbList","@id":"https:\/\/mylawyermark.com\/personal-injury-lawyer-imperial-county\/calexico\/#breadcrumb","itemListElement":[{"@type":"ListItem","position":1,"name":"Home","item":"https:\/\/mylawyermark.com\/"},{"@type":"ListItem","position":2,"name":"Abogados de Accidentes en Imperial County, CA","item":"https:\/\/mylawyermark.com\/personal-injury-lawyer-imperial-county\/"},{"@type":"ListItem","position":3,"name":"Abogados de Accidentes en Calexico, CA"}]},{"@type":"WebSite","@id":"https:\/\/mylawyermark.com\/#website","url":"https:\/\/mylawyermark.com\/","name":"My Lawyer Mark","description":"The Accident, Injury, and Compensation Attorney","publisher":{"@id":"https:\/\/mylawyermark.com\/#organization"},"alternateName":"Mi Abogado Mark","potentialAction":[{"@type":"SearchAction","target":{"@type":"EntryPoint","urlTemplate":"https:\/\/mylawyermark.com\/?s={search_term_string}"},"query-input":{"@type":"PropertyValueSpecification","valueRequired":true,"valueName":"search_term_string"}}],"inLanguage":"es"},{"@type":"Organization","@id":"https:\/\/mylawyermark.com\/#organization","name":"My Lawyer Mark","alternateName":"My Lawyer Mark","url":"https:\/\/mylawyermark.com\/","logo":{"@type":"ImageObject","inLanguage":"es","@id":"https:\/\/mylawyermark.com\/#\/schema\/logo\/image\/","url":"https:\/\/mylawyermark.com\/wp-content\/uploads\/2024\/04\/My-Lawyer-Mark-Logo-GOLD-ON-BLACK.svg","contentUrl":"https:\/\/mylawyermark.com\/wp-content\/uploads\/2024\/04\/My-Lawyer-Mark-Logo-GOLD-ON-BLACK.svg","width":"1024","height":"1024","caption":"My Lawyer Mark"},"image":{"@id":"https:\/\/mylawyermark.com\/#\/schema\/logo\/image\/"}}]}},"_links":{"self":[{"href":"https:\/\/mylawyermark.com\/es\/wp-json\/wp\/v2\/pages\/6680","targetHints":{"allow":["GET"]}}],"collection":[{"href":"https:\/\/mylawyermark.com\/es\/wp-json\/wp\/v2\/pages"}],"about":[{"href":"https:\/\/mylawyermark.com\/es\/wp-json\/wp\/v2\/types\/page"}],"author":[{"embeddable":true,"href":"https:\/\/mylawyermark.com\/es\/wp-json\/wp\/v2\/users\/13"}],"replies":[{"embeddable":true,"href":"https:\/\/mylawyermark.com\/es\/wp-json\/wp\/v2\/comments?post=6680"}],"version-history":[{"count":0,"href":"https:\/\/mylawyermark.com\/es\/wp-json\/wp\/v2\/pages\/6680\/revisions"}],"up":[{"embeddable":true,"href":"https:\/\/mylawyermark.com\/es\/wp-json\/wp\/v2\/pages\/6677"}],"wp:featuredmedia":[{"embeddable":true,"href":"https:\/\/mylawyermark.com\/es\/wp-json\/"}],"wp:attachment":[{"href":"https:\/\/mylawyermark.com\/es\/wp-json\/wp\/v2\/media?parent=6680"}],"curies":[{"name":"wp","href":"https:\/\/api.w.org\/{rel}","templated":true}]}}