{"id":6677,"date":"2024-01-26T08:31:32","date_gmt":"2024-01-26T16:31:32","guid":{"rendered":"https:\/\/broadmigration.flywheelsites.com\/?page_id=6677"},"modified":"2024-10-15T23:53:10","modified_gmt":"2024-10-15T23:53:10","slug":"personal-injury-lawyer-imperial-county","status":"publish","type":"page","link":"https:\/\/mylawyermark.com\/es\/abogado-de-accidentes-imperial-county\/","title":{"rendered":"Abogados de Accidentes en Imperial County, CA"},"content":{"rendered":"<p><span style=\"font-weight: 400;\">Si necesitas la ayuda de <\/span><b>abogados de accidentes en Imperial County, <span style=\"font-weight: 400;\">Mi Abogado Mark<\/span><\/b><span style=\"font-weight: 400;\">\u00a0tiene una soluci\u00f3n para t\u00ed. Combinamos m\u00e1s de 35 a\u00f1os de experiencia conjunta en todo tipo de accidentes con un conocimiento enciclop\u00e9dico de la ley y, a su vez, el trato amable y emp\u00e1tico caracter\u00edstico de la comunidad latina. Ofrecemos consulta gr\u00e1tis y servicio 100% en Espa\u00f1ol. Haz tu consulta hoy al (888) 824-1025.<\/span><\/p>\n<p><span style=\"font-weight: 400;\">Si est\u00e1s buscando \u2018<\/span><span style=\"font-weight: 400;\">abogados de accidentes cerca de mi<\/span><span style=\"font-weight: 400;\">\u2019 Imperial County o alguna otra ciudad del Sur de California, Mi Abogado Mark cuenta con distintas sucursales en Los \u00c1ngeles (oficina central), condados de Orange, San Diego, San Bernardino, Sacramento, Ventura y Kern. Tratamos a nuestros clientes como si fuesen de la familia y peleamos hasta el \u00faltimo centavo que te corresponda por ley.<\/span><\/p>\n<h2><span style=\"font-weight: 400;\">Por Qu\u00e9 Contratar a Nuestros Abogados de Accidentes de Imperial County<\/span><\/h2>\n<p><span style=\"font-weight: 400;\">En Mi Abogado Mark nos caracterizamos por ser una firma de <\/span><span style=\"font-weight: 400;\">latin accidents lawyers<\/span><span style=\"font-weight: 400;\">, para latinos. Nuestra misi\u00f3n es dar servicios legales de calidad y un acceso igualitario a la justicia a todas las personas de la comunidad hispana en el Sur de California. No importa si no tienes papeles o si no sabes Ingl\u00e9s: t\u00fa tienes derechos. Mi Abogado Mark est\u00e1 aqu\u00ed para defenderlos.<\/span><\/p>\n<p><span style=\"font-weight: 400;\">Cuando contratas nuestros servicios, obtienes:<\/span><\/p>\n<p><span style=\"font-weight: 400;\">\u2713 Atenci\u00f3n 100% en Espa\u00f1ol.<\/span><\/p>\n<p><span style=\"font-weight: 400;\">\u2713 Consulta gr\u00e1tis.<\/span><\/p>\n<p><span style=\"font-weight: 400;\">\u2713 Disponibilidad 24\/7 &#8211; siempre atendemos.<\/span><\/p>\n<p><span style=\"font-weight: 400;\">\u2713 M\u00e1s de 35 a\u00f1os de experiencia conjunta en todo tipo de accidentes.<\/span><\/p>\n<p><span style=\"font-weight: 400;\">\u2713 No pagas hasta que ganemos. Y si no ganamos, no nos pagas.<\/span><\/p>\n<p><span style=\"font-weight: 400;\">\u2713 Acceso a los mejores profesionales de la salud.<\/span><\/p>\n<p><span style=\"font-weight: 400;\">\u2713 Vamos hasta tu casa si as\u00ed lo necesitas.<\/span><\/p>\n<h2><span style=\"font-weight: 400;\">Tipos de Accidentes con los que Podemos Ayudarte<\/span><\/h2>\n<p><span style=\"font-weight: 400;\">Sufrir un accidente de cualquier tipo puede traer secuelas que van m\u00e1s all\u00e1 de los da\u00f1os materiales. Verse involucrado en un accidente puede provocar lesiones o traumas psicol\u00f3gicos delicados que tienen un gran impacto en la vida de las v\u00edctimas; a veces, de forma permanente. Para ayudar a hacer que ese impacto sea menor, es recomendable que busques la ayuda de un <\/span><span style=\"font-weight: 400;\">personal injury lawyer<\/span><span style=\"font-weight: 400;\"> que te permita obtener compensaci\u00f3n por los da\u00f1s recibidos.<\/span><\/p>\n<p><span style=\"font-weight: 400;\">En Mi Abogado Mark, podemos ayudarte si sufriste:<\/span><\/p>\n<ul>\n<li style=\"font-weight: 400;\" aria-level=\"1\"><span style=\"font-weight: 400;\">Accidentes de auto<\/span><\/li>\n<li style=\"font-weight: 400;\" aria-level=\"1\"><span style=\"font-weight: 400;\">Accidentes de motocicleta<\/span><\/li>\n<li style=\"font-weight: 400;\" aria-level=\"1\"><span style=\"font-weight: 400;\">Accidentes de camiones<\/span><\/li>\n<li style=\"font-weight: 400;\" aria-level=\"1\"><span style=\"font-weight: 400;\">Resbalones y ca\u00eddas<\/span><\/li>\n<li style=\"font-weight: 400;\" aria-level=\"1\"><span style=\"font-weight: 400;\">Accidentes de peatones<\/span><\/li>\n<li style=\"font-weight: 400;\" aria-level=\"1\"><span style=\"font-weight: 400;\">Accidentes de Uber y Lyft<\/span><\/li>\n<li style=\"font-weight: 400;\" aria-level=\"1\"><span style=\"font-weight: 400;\">Accidentes de bicicleta<\/span><\/li>\n<li style=\"font-weight: 400;\" aria-level=\"1\"><span style=\"font-weight: 400;\">Mordidas de perro<\/span><\/li>\n<\/ul>\n<p><span style=\"font-weight: 400;\">Si sufriste otro tipo de accidente que no est\u00e1 ene sta lista, ll\u00e1manos de todas formas al (888) 824-1025 para hacer tu consulta gr\u00e1tis y evaluar tu caso.<\/span><\/p>\n<h2><span style=\"font-weight: 400;\">Lesiones M\u00e1s Comunes en Accidentes<\/span><\/h2>\n<p><span style=\"font-weight: 400;\">Como mencionamos anteriormente, los accidentes suelen dejar secuelas f\u00edsicas y psicol\u00f3gicas en las personas que los padecen. Algunas de las lesiones pueden ser graves e incluso, permanentes. Eso no solo acarrea un costo monetario muy dif\u00edcil de afrontar sino tambi\u00e9n una gran angustia para quien padece la lesi\u00f3n y sus seres queridos.\u00a0<\/span><\/p>\n<p><span style=\"font-weight: 400;\">La compensaci\u00f3n que pueda obtener un <\/span><span style=\"font-weight: 400;\">abogado de lesiones catastr\u00f3ficas <\/span><span style=\"font-weight: 400;\">busca cubrir los costos de esos caros tratamientos, adem\u00e1s de las p\u00e9rdidas materiales y otros da\u00f1os recibidos como, por ejemplo, la angustia emocional y el dolor. Algunas de las lesiones que m\u00e1s comunmente suceden en accidentes son:<\/span><\/p>\n<ul>\n<li style=\"font-weight: 400;\" aria-level=\"1\"><span style=\"font-weight: 400;\">Amputaciones<\/span><\/li>\n<li style=\"font-weight: 400;\" aria-level=\"1\"><span style=\"font-weight: 400;\">Lesi\u00f3n Cerebral Traum\u00e1tica<\/span><\/li>\n<li style=\"font-weight: 400;\" aria-level=\"1\"><span style=\"font-weight: 400;\">Lesi\u00f3n en la M\u00e9dula Espinal<\/span><\/li>\n<li style=\"font-weight: 400;\" aria-level=\"1\"><span style=\"font-weight: 400;\">Par\u00e1lisis<\/span><\/li>\n<li style=\"font-weight: 400;\" aria-level=\"1\"><span style=\"font-weight: 400;\">Quemaduras<\/span><\/li>\n<\/ul>\n<h2><span style=\"font-weight: 400;\">\u00bfCu\u00e1nto Vale mi Reclamo?<\/span><\/h2>\n<p><span style=\"font-weight: 400;\">En el estado de California, el c\u00e1lculo de la indemnizaci\u00f3n por accidentes suele incluir los gastos vinculados al cuidado m\u00e9dico, la p\u00e9rdida de ingresos debido a la incapacidad laboral, y otros aspectos m\u00e1s dif\u00edciles de cuantificar, como el dolor y el sufrimiento. Los abogados especializados en accidentes y las aseguradoras emplean un enfoque particular para evaluar el valor de un reclamo.\u00a0<\/span><\/p>\n<p><span style=\"font-weight: 400;\">Este m\u00e9todo implica agregar todos los da\u00f1os y luego multiplicar el total por un valor que var\u00eda entre 1.5 y 5, seg\u00fan la severidad del accidente. El valor del coeficiente se decide considerando factores como la gravedad del accidente o si tuvo alguna responsabilidad en el suceso.\u00a0<\/span><\/p>\n<p><span style=\"font-weight: 400;\">Para m\u00e1s informaci\u00f3n y detalles sobre c\u00f3mo se calcula el valor de una indemnizaci\u00f3n por accidente, reocmendamos los siguientes art\u00edculos de nuestro blog:<\/span><\/p>\n<p><i><span style=\"font-weight: 400;\">\u00bfCu\u00e1nto Vale mi Caso de Accidente?<\/span><\/i><i><span style=\"font-weight: 400;\">\u00a0<\/span><\/i><\/p>\n<p><i><span style=\"font-weight: 400;\">Cuanto es La Indemnizacion por Lesiones Personales (CA 2024)<\/span><\/i><\/p>\n<h3><span style=\"font-weight: 400;\">Qu\u00e9 Tipo de Da\u00f1os Se Pueden Reclamar<\/span><\/h3>\n<p><span style=\"font-weight: 400;\">Los da\u00f1os compensatorios, conocidos simplemente como &#8220;da\u00f1os&#8221;, representan el monto que el responsable del incidente debe abonar a la v\u00edctima por las p\u00e9rdidas sufridas. En situaciones de accidentes o lesiones personales en California, estos da\u00f1os compensatorios se clasifican en dos categor\u00edas principales:<\/span><\/p>\n<h4><span style=\"font-weight: 400;\">Da\u00f1os Econ\u00f3micos<\/span><\/h4>\n<ul>\n<li style=\"font-weight: 400;\" aria-level=\"1\"><span style=\"font-weight: 400;\">Cuentas m\u00e9dicas.<\/span><\/li>\n<li style=\"font-weight: 400;\" aria-level=\"1\"><span style=\"font-weight: 400;\">Incapacidad laboral con p\u00e9rdida de ingresos.<\/span><\/li>\n<li style=\"font-weight: 400;\" aria-level=\"1\"><span style=\"font-weight: 400;\">Gastos de reparaci\u00f3n o reemplazo de tu veh\u00edculo.<\/span><\/li>\n<li style=\"font-weight: 400;\" aria-level=\"1\"><span style=\"font-weight: 400;\">Oportunidades de trabajo a futuro perdidas.<\/span><\/li>\n<li style=\"font-weight: 400;\" aria-level=\"1\"><span style=\"font-weight: 400;\">Tratamientos de rehabilitaci\u00f3n f\u00edsica.<\/span><\/li>\n<li style=\"font-weight: 400;\" aria-level=\"1\"><span style=\"font-weight: 400;\">Tarifas de servicios de emergencia.<\/span><\/li>\n<\/ul>\n<h4><span style=\"font-weight: 400;\">No-Econ\u00f3micos<\/span><\/h4>\n<ul>\n<li style=\"font-weight: 400;\" aria-level=\"1\"><span style=\"font-weight: 400;\">Dolor emocional.<\/span><\/li>\n<li style=\"font-weight: 400;\" aria-level=\"1\"><span style=\"font-weight: 400;\">Sufrimiento psicol\u00f3gico.<\/span><\/li>\n<li style=\"font-weight: 400;\" aria-level=\"1\"><span style=\"font-weight: 400;\">Privaci\u00f3n del disfrute de la vida.<\/span><\/li>\n<li style=\"font-weight: 400;\" aria-level=\"1\"><span style=\"font-weight: 400;\">Tensi\u00f3n emocional.<\/span><\/li>\n<li style=\"font-weight: 400;\" aria-level=\"1\"><span style=\"font-weight: 400;\">Cambios en la apariencia.<\/span><\/li>\n<li style=\"font-weight: 400;\" aria-level=\"1\"><span style=\"font-weight: 400;\">Amputaci\u00f3n.<\/span><\/li>\n<li style=\"font-weight: 400;\" aria-level=\"1\"><span style=\"font-weight: 400;\">Privaci\u00f3n del consorcio.<\/span><\/li>\n<\/ul>\n<h3><span style=\"font-weight: 400;\">Fecha L\u00edmite Para Hacer tu Reclamo<\/span><\/h3>\n<p><span style=\"font-weight: 400;\">En el Estado de California, tienes hasta dos a\u00f1os para presentar tu reclamo por accidente. Eso se cuenta desde la fecha en la que sucedi\u00f3 el accidente. Ahora bien, si tu accidente sucedi\u00f3 en alg\u00fan edificio o entidad gubernamental, como puede ser por ejemplo el cuart\u00e9l de polic\u00eda de la Ciudad de Los \u00c1ngeles o el correo de la ciudad, adem\u00e1s de los dos a\u00f1os tienes seis (6) meses a partir del d\u00eda del accidente para notificar a esa entidad sobre tu reclamo.<\/span><\/p>\n<p><span style=\"font-weight: 400;\">Para m\u00e1s detalles, recomendamos el siguiente art\u00edculo:\u00a0<\/span><\/p>\n<p><i><span style=\"font-weight: 400;\">Cu\u00e1nto Tiempo Tengo para <\/span><\/i><i><span style=\"font-weight: 400;\">P<\/span><\/i><i><span style=\"font-weight: 400;\">oner una Demanda por Da\u00f1os<\/span><\/i><\/p>\n<h3><span style=\"font-weight: 400;\">\u00bfPuedo Hacer un Reclamo Si Tuve Parte de la Culpa?<\/span><\/h3>\n<p><span style=\"font-weight: 400;\">S\u00ed.\u00a0 En California, se aplica el principio de responsabilidad comparativa pura. Esto significa que, en casos de lesiones personales, a\u00fan puedes obtener cierta compensaci\u00f3n incluso si se determina que eres responsable en un porcentaje de hasta el 99%. Si eres mayormente responsable de tus propias lesiones, a\u00fan puedes presentar un reclamo, pero ten en cuenta que el tribunal ajustar\u00e1 tu compensaci\u00f3n de acuerdo con tu propia asignaci\u00f3n de culpa.<\/span><\/p>\n<h3><span style=\"font-weight: 400;\">No Tengo Papeles y No S\u00e9 Ingl\u00e9s. \u00bfPuedo Reclamar?<\/span><\/h3>\n<p><span style=\"font-weight: 400;\">S\u00ed. Ni tu situaci\u00f3n legal ni la de ninguno de los implicados en tu accidente es relevante a la hora de reclamar. De hecho, ni siquiera se puede mencionar si alguien no tiene papeles y much\u00edsimo menos usar eso para amenazar con deportaci\u00f3n o alguna otra t\u00e1ctica para disuadir de hacer tu reclamo.\u00a0<\/span><\/p>\n<p><span style=\"font-weight: 400;\">Aunque no tengas papeles y no sepas Ingl\u00e9s, puedes hacer tu reclamo. Contar con <\/span><span style=\"font-weight: 400;\">abogados que hablen Espa\u00f1ol<\/span><span style=\"font-weight: 400;\"> te dar\u00e1 la tranquilidad de saber qu\u00e9 est\u00e1 pasando en cada etapa de tu demanda. Tambi\u00e9n te dar\u00e1 la ventaja de poder explicar todo lo que te pas\u00f3 de manera confidencial a un abogado profesional que te entiende en tu idioma.<\/span><\/p>\n<h3><span style=\"font-weight: 400;\">Un Ser Querido Falleci\u00f3 en un Accidente. \u00bfQu\u00e9 Se Puede Hacer?<\/span><\/h3>\n<p><span style=\"font-weight: 400;\">Si un ser querido tuyo muere en un accidente, es posible hacer un reclamo para poder recuperar los gastos de funeral y entierro, facturas m\u00e9dicas y otros da\u00f1os recibidos por la v\u00edctima. Nada compensa la p\u00e9rdida de una persona querida, pero este tipo de reclamos est\u00e1n orientados a cubrir los costos antes mencionados.\u00a0<\/span><\/p>\n<p><span style=\"font-weight: 400;\">Un <\/span><span style=\"font-weight: 400;\">abogado de muerte injusta<\/span><span style=\"font-weight: 400;\"> puede determinar si se puede hacer un reclamo; c\u00f3mo y qui\u00e9nes pueden hacerlo, qu\u00e9 se puede reclamar, entre otros elementos. A veces las aseguranzas tratan de culpar a la persona fallecida y hacerla responsable del accidente. Un buen abogado puede defender a los sobrevivientes y determinar el grado de culpabilidad (o no) de la v\u00edctima.<\/span><\/p>\n<h2><span style=\"font-weight: 400;\">Qu\u00e9 Hacer Despu\u00e9s de un Accidente<\/span><\/h2>\n<ul>\n<li style=\"font-weight: 400;\" aria-level=\"1\"><span style=\"font-weight: 400;\">Llama al 911 para que la polic\u00eda haga un <\/span><span style=\"font-weight: 400;\">reporte del accidente<\/span><span style=\"font-weight: 400;\">.<\/span><\/li>\n<li style=\"font-weight: 400;\" aria-level=\"1\"><span style=\"font-weight: 400;\">Pide asistencia m\u00e9dica.<\/span><\/li>\n<li style=\"font-weight: 400;\" aria-level=\"1\"><span style=\"font-weight: 400;\">Pide nombres, tel\u00e9fonos, tarjetas de seguro y placas de los veh\u00edculos de los involucrados.<\/span><\/li>\n<li style=\"font-weight: 400;\" aria-level=\"1\"><span style=\"font-weight: 400;\">Pide nombre y tel\u00e9fono de los testigos que quieran colaborar.<\/span><\/li>\n<li style=\"font-weight: 400;\" aria-level=\"1\"><span style=\"font-weight: 400;\">Con tu celular, toma fotos y\/o videos de tus lesiones, de los veh\u00edculos involucrados, y de la zona en la que sucedi\u00f3 el accidente.<\/span><\/li>\n<li style=\"font-weight: 400;\" aria-level=\"1\"><span style=\"font-weight: 400;\">Llama a nuestros <\/span><b>abogados de accidentes en Imperial County<\/b><span style=\"font-weight: 400;\">: <a href=\"tel:1-866-238-9668\">(866) 721-5808<\/a>.<\/span><\/li>\n<\/ul>\n<h2><span style=\"font-weight: 400;\">\u00bfCu\u00e1nto Cobran los Abogados de Accidentes en Imperial County?<\/span><\/h2>\n<p><span style=\"font-weight: 400;\">Los abogados de Mi Abogado Mark trabajan con cuota de contingencia; lo cual quiere decir que sus honorarios se pagan de un porcentaje del acuerdo final al que se llegue por tu reclamo. T\u00fa no pagas de tu bolsillo por nuestros servicios legales. De esa manera, puedes dedicarte a recuperarte mientras comenzamos a trabajar en tu caso. Si quieres saber m\u00e1s detalles, haz click en el siguiente enlace:<\/span><\/p>\n<p><i><span style=\"font-weight: 400;\">\u00bfCu\u00e1nto Cobra un Abogado de Accidentes?<\/span><\/i><\/p>\n<h2><span style=\"font-weight: 400;\">Abogados de Accidentes en Imperial County con Consulta Gr\u00e1tis<\/span><\/h2>\n<p><span style=\"font-weight: 400;\">\u00bfEst\u00e1s buscando <\/span><b>abogados de accidentes en Imperial County<\/b><span style=\"font-weight: 400;\">? Mi Abogado Mark ofrece servicios legales de calidad, 100% en tu idioma, con abogados que tienen experiencia y saben ganar. Ll\u00e1manos al <a href=\"tel:1-866-238-9668\">(866) 721-5808<\/a> para hacer tu consulta gr\u00e1tis y comenzar a hacer tu reclamo cuanto antes. Tienes derechos, y Mi Abogado Mark est\u00e1 aqu\u00ed para defenderlos.<\/span><\/p>","protected":false},"excerpt":{"rendered":"<p>Si necesitas la ayuda de abogados de accidentes en Imperial County, Mi Abogado Mark\u00a0tiene una soluci\u00f3n para t\u00ed. Combinamos m\u00e1s de 35 a\u00f1os de experiencia conjunta en todo tipo de accidentes con un conocimiento enciclop\u00e9dico de la ley y, a su vez, el trato amable y emp\u00e1tico caracter\u00edstico de la comunidad latina. Ofrecemos consulta gr\u00e1tis&#8230;<\/p>","protected":false},"author":13,"featured_media":6678,"parent":0,"menu_order":0,"comment_status":"closed","ping_status":"closed","template":"","meta":{"_acf_changed":false,"footnotes":""},"class_list":["post-6677","page","type-page","status-publish","has-post-thumbnail","hentry"],"acf":[],"yoast_head":"<!-- This site is optimized with the Yoast SEO plugin v27.4 - https:\/\/yoast.com\/product\/yoast-seo-wordpress\/ -->\n<title>Abogados de Accidentes en Imperial County | Consulta Gr\u00e1tis<\/title>\n<meta name=\"description\" content=\"Abogados de accidentes en Imperial County. Consulta gr\u00e1tis al (866) 721-5808. Accidentes de auto, cami\u00f3n, mordidas de perro y m\u00e1s.\" \/>\n<meta name=\"robots\" content=\"index, follow, max-snippet:-1, max-image-preview:large, max-video-preview:-1\" \/>\n<link rel=\"canonical\" href=\"https:\/\/mylawyermark.com\/es\/abogado-de-accidentes-imperial-county\/\" \/>\n<meta property=\"og:locale\" content=\"es_MX\" \/>\n<meta property=\"og:type\" content=\"article\" \/>\n<meta property=\"og:title\" content=\"Abogados de Accidentes en Imperial County | Consulta Gr\u00e1tis\" \/>\n<meta property=\"og:description\" content=\"Abogados de accidentes en Imperial County. Consulta gr\u00e1tis al (866) 721-5808. Accidentes de auto, cami\u00f3n, mordidas de perro y m\u00e1s.\" \/>\n<meta property=\"og:url\" content=\"https:\/\/mylawyermark.com\/es\/abogado-de-accidentes-imperial-county\/\" \/>\n<meta property=\"og:site_name\" content=\"My Lawyer Mark\" \/>\n<meta property=\"article:modified_time\" content=\"2024-10-15T23:53:10+00:00\" \/>\n<meta name=\"twitter:card\" content=\"summary_large_image\" \/>\n<meta name=\"twitter:label1\" content=\"Tiempo de lectura\" \/>\n\t<meta name=\"twitter:data1\" content=\"7 minutos\" \/>\n<script type=\"application\/ld+json\" class=\"yoast-schema-graph\">{\"@context\":\"https:\\\/\\\/schema.org\",\"@graph\":[{\"@type\":\"WebPage\",\"@id\":\"https:\\\/\\\/mylawyermark.com\\\/personal-injury-lawyer-imperial-county\\\/\",\"url\":\"https:\\\/\\\/mylawyermark.com\\\/personal-injury-lawyer-imperial-county\\\/\",\"name\":\"Abogados de Accidentes en Imperial County | Consulta Gr\u00e1tis\",\"isPartOf\":{\"@id\":\"https:\\\/\\\/mylawyermark.com\\\/#website\"},\"primaryImageOfPage\":{\"@id\":\"https:\\\/\\\/mylawyermark.com\\\/personal-injury-lawyer-imperial-county\\\/#primaryimage\"},\"image\":{\"@id\":\"https:\\\/\\\/mylawyermark.com\\\/personal-injury-lawyer-imperial-county\\\/#primaryimage\"},\"thumbnailUrl\":\"\",\"datePublished\":\"2024-01-26T16:31:32+00:00\",\"dateModified\":\"2024-10-15T23:53:10+00:00\",\"description\":\"Abogados de accidentes en Imperial County. Consulta gr\u00e1tis al (866) 721-5808. Accidentes de auto, cami\u00f3n, mordidas de perro y m\u00e1s.\",\"breadcrumb\":{\"@id\":\"https:\\\/\\\/mylawyermark.com\\\/personal-injury-lawyer-imperial-county\\\/#breadcrumb\"},\"inLanguage\":\"es\",\"potentialAction\":[{\"@type\":\"ReadAction\",\"target\":[\"https:\\\/\\\/mylawyermark.com\\\/personal-injury-lawyer-imperial-county\\\/\"]}]},{\"@type\":\"ImageObject\",\"inLanguage\":\"es\",\"@id\":\"https:\\\/\\\/mylawyermark.com\\\/personal-injury-lawyer-imperial-county\\\/#primaryimage\",\"url\":\"\",\"contentUrl\":\"\"},{\"@type\":\"BreadcrumbList\",\"@id\":\"https:\\\/\\\/mylawyermark.com\\\/personal-injury-lawyer-imperial-county\\\/#breadcrumb\",\"itemListElement\":[{\"@type\":\"ListItem\",\"position\":1,\"name\":\"Home\",\"item\":\"https:\\\/\\\/mylawyermark.com\\\/\"},{\"@type\":\"ListItem\",\"position\":2,\"name\":\"Abogados de Accidentes en Imperial County, CA\"}]},{\"@type\":\"WebSite\",\"@id\":\"https:\\\/\\\/mylawyermark.com\\\/#website\",\"url\":\"https:\\\/\\\/mylawyermark.com\\\/\",\"name\":\"My Lawyer Mark\",\"description\":\"The Accident, Injury, and Compensation Attorney\",\"publisher\":{\"@id\":\"https:\\\/\\\/mylawyermark.com\\\/#organization\"},\"alternateName\":\"Mi Abogado Mark\",\"potentialAction\":[{\"@type\":\"SearchAction\",\"target\":{\"@type\":\"EntryPoint\",\"urlTemplate\":\"https:\\\/\\\/mylawyermark.com\\\/?s={search_term_string}\"},\"query-input\":{\"@type\":\"PropertyValueSpecification\",\"valueRequired\":true,\"valueName\":\"search_term_string\"}}],\"inLanguage\":\"es\"},{\"@type\":\"Organization\",\"@id\":\"https:\\\/\\\/mylawyermark.com\\\/#organization\",\"name\":\"My Lawyer Mark\",\"alternateName\":\"My Lawyer Mark\",\"url\":\"https:\\\/\\\/mylawyermark.com\\\/\",\"logo\":{\"@type\":\"ImageObject\",\"inLanguage\":\"es\",\"@id\":\"https:\\\/\\\/mylawyermark.com\\\/#\\\/schema\\\/logo\\\/image\\\/\",\"url\":\"https:\\\/\\\/mylawyermark.com\\\/wp-content\\\/uploads\\\/2024\\\/04\\\/My-Lawyer-Mark-Logo-GOLD-ON-BLACK.svg\",\"contentUrl\":\"https:\\\/\\\/mylawyermark.com\\\/wp-content\\\/uploads\\\/2024\\\/04\\\/My-Lawyer-Mark-Logo-GOLD-ON-BLACK.svg\",\"width\":\"1024\",\"height\":\"1024\",\"caption\":\"My Lawyer Mark\"},\"image\":{\"@id\":\"https:\\\/\\\/mylawyermark.com\\\/#\\\/schema\\\/logo\\\/image\\\/\"}}]}<\/script>\n<!-- \/ Yoast SEO plugin. -->","yoast_head_json":{"title":"Abogados de Accidentes en Imperial County | Consulta Gr\u00e1tis","description":"Abogados de accidentes en Imperial County. Consulta gr\u00e1tis al (866) 721-5808. Accidentes de auto, cami\u00f3n, mordidas de perro y m\u00e1s.","robots":{"index":"index","follow":"follow","max-snippet":"max-snippet:-1","max-image-preview":"max-image-preview:large","max-video-preview":"max-video-preview:-1"},"canonical":"https:\/\/mylawyermark.com\/es\/abogado-de-accidentes-imperial-county\/","og_locale":"es_MX","og_type":"article","og_title":"Abogados de Accidentes en Imperial County | Consulta Gr\u00e1tis","og_description":"Abogados de accidentes en Imperial County. Consulta gr\u00e1tis al (866) 721-5808. Accidentes de auto, cami\u00f3n, mordidas de perro y m\u00e1s.","og_url":"https:\/\/mylawyermark.com\/es\/abogado-de-accidentes-imperial-county\/","og_site_name":"My Lawyer Mark","article_modified_time":"2024-10-15T23:53:10+00:00","twitter_card":"summary_large_image","twitter_misc":{"Tiempo de lectura":"7 minutos"},"schema":{"@context":"https:\/\/schema.org","@graph":[{"@type":"WebPage","@id":"https:\/\/mylawyermark.com\/personal-injury-lawyer-imperial-county\/","url":"https:\/\/mylawyermark.com\/personal-injury-lawyer-imperial-county\/","name":"Abogados de Accidentes en Imperial County | Consulta Gr\u00e1tis","isPartOf":{"@id":"https:\/\/mylawyermark.com\/#website"},"primaryImageOfPage":{"@id":"https:\/\/mylawyermark.com\/personal-injury-lawyer-imperial-county\/#primaryimage"},"image":{"@id":"https:\/\/mylawyermark.com\/personal-injury-lawyer-imperial-county\/#primaryimage"},"thumbnailUrl":"","datePublished":"2024-01-26T16:31:32+00:00","dateModified":"2024-10-15T23:53:10+00:00","description":"Abogados de accidentes en Imperial County. Consulta gr\u00e1tis al (866) 721-5808. Accidentes de auto, cami\u00f3n, mordidas de perro y m\u00e1s.","breadcrumb":{"@id":"https:\/\/mylawyermark.com\/personal-injury-lawyer-imperial-county\/#breadcrumb"},"inLanguage":"es","potentialAction":[{"@type":"ReadAction","target":["https:\/\/mylawyermark.com\/personal-injury-lawyer-imperial-county\/"]}]},{"@type":"ImageObject","inLanguage":"es","@id":"https:\/\/mylawyermark.com\/personal-injury-lawyer-imperial-county\/#primaryimage","url":"","contentUrl":""},{"@type":"BreadcrumbList","@id":"https:\/\/mylawyermark.com\/personal-injury-lawyer-imperial-county\/#breadcrumb","itemListElement":[{"@type":"ListItem","position":1,"name":"Home","item":"https:\/\/mylawyermark.com\/"},{"@type":"ListItem","position":2,"name":"Abogados de Accidentes en Imperial County, CA"}]},{"@type":"WebSite","@id":"https:\/\/mylawyermark.com\/#website","url":"https:\/\/mylawyermark.com\/","name":"My Lawyer Mark","description":"The Accident, Injury, and Compensation Attorney","publisher":{"@id":"https:\/\/mylawyermark.com\/#organization"},"alternateName":"Mi Abogado Mark","potentialAction":[{"@type":"SearchAction","target":{"@type":"EntryPoint","urlTemplate":"https:\/\/mylawyermark.com\/?s={search_term_string}"},"query-input":{"@type":"PropertyValueSpecification","valueRequired":true,"valueName":"search_term_string"}}],"inLanguage":"es"},{"@type":"Organization","@id":"https:\/\/mylawyermark.com\/#organization","name":"My Lawyer Mark","alternateName":"My Lawyer Mark","url":"https:\/\/mylawyermark.com\/","logo":{"@type":"ImageObject","inLanguage":"es","@id":"https:\/\/mylawyermark.com\/#\/schema\/logo\/image\/","url":"https:\/\/mylawyermark.com\/wp-content\/uploads\/2024\/04\/My-Lawyer-Mark-Logo-GOLD-ON-BLACK.svg","contentUrl":"https:\/\/mylawyermark.com\/wp-content\/uploads\/2024\/04\/My-Lawyer-Mark-Logo-GOLD-ON-BLACK.svg","width":"1024","height":"1024","caption":"My Lawyer Mark"},"image":{"@id":"https:\/\/mylawyermark.com\/#\/schema\/logo\/image\/"}}]}},"_links":{"self":[{"href":"https:\/\/mylawyermark.com\/es\/wp-json\/wp\/v2\/pages\/6677","targetHints":{"allow":["GET"]}}],"collection":[{"href":"https:\/\/mylawyermark.com\/es\/wp-json\/wp\/v2\/pages"}],"about":[{"href":"https:\/\/mylawyermark.com\/es\/wp-json\/wp\/v2\/types\/page"}],"author":[{"embeddable":true,"href":"https:\/\/mylawyermark.com\/es\/wp-json\/wp\/v2\/users\/13"}],"replies":[{"embeddable":true,"href":"https:\/\/mylawyermark.com\/es\/wp-json\/wp\/v2\/comments?post=6677"}],"version-history":[{"count":0,"href":"https:\/\/mylawyermark.com\/es\/wp-json\/wp\/v2\/pages\/6677\/revisions"}],"wp:featuredmedia":[{"embeddable":true,"href":"https:\/\/mylawyermark.com\/es\/wp-json\/"}],"wp:attachment":[{"href":"https:\/\/mylawyermark.com\/es\/wp-json\/wp\/v2\/media?parent=6677"}],"curies":[{"name":"wp","href":"https:\/\/api.w.org\/{rel}","templated":true}]}}