{"id":12161,"date":"2024-11-29T23:26:13","date_gmt":"2024-11-29T23:26:13","guid":{"rendered":"https:\/\/mylawyermark.com\/?page_id=12161"},"modified":"2024-11-29T23:26:13","modified_gmt":"2024-11-29T23:26:13","slug":"disclaimer","status":"publish","type":"page","link":"https:\/\/mylawyermark.com\/es\/disclaimer\/","title":{"rendered":"Disclaimer"},"content":{"rendered":"<section class=\"l-section wpb_row height_medium\"><div class=\"l-section-h i-cf\"><div class=\"g-cols vc_row via_flex valign_top type_default stacking_default\"><div class=\"vc_col-sm-12 wpb_column vc_column_container\"><div class=\"vc_column-inner\"><div class=\"wpb_wrapper\"><div class=\"g-cols wpb_row via_flex valign_top type_default stacking_default\"><div class=\"vc_col-sm-12 wpb_column vc_column_container\"><div class=\"vc_column-inner\"><div class=\"wpb_wrapper\"><div class=\"wpb_text_column\"><div class=\"wpb_wrapper\"><h1 style=\"text-align: center;\"><span style=\"font-weight: 400;\">Aviso Legal<\/span><\/h1>\n<h2><span style=\"font-weight: 400;\">Uso de Medios<\/span><\/h2>\n<p><span style=\"font-weight: 400;\">Mi Abogado Mark podr\u00eda utilizar im\u00e1genes, videos y contenido de audio que incluyan actores u otras personas con fines visuales en este sitio web. Esto incluye testimonios, recreaciones de accidentes, fotos grupales del equipo y otros medios. Adem\u00e1s, algunas personas que aparecen en estas fotos o videos pueden ya no estar afiliadas a la firma, pero su participaci\u00f3n fue autorizada en el momento de la creaci\u00f3n del contenido.<\/span><\/p>\n<h2><span style=\"font-weight: 400;\">Contenido Descargable<\/span><\/h2>\n<p><span style=\"font-weight: 400;\">Al proporcionar tu direcci\u00f3n de correo electr\u00f3nico para descargar contenido como infograf\u00edas, libros electr\u00f3nicos u otro material, aceptas recibir comunicaciones futuras de Mi Abogado Mark, como actualizaciones promocionales y boletines informativos. Puedes darte de baja de estos correos en cualquier momento haciendo clic en el enlace de &#8220;cancelar suscripci\u00f3n&#8221; incluido en cada mensaje.<\/span><\/p>\n<h2><span style=\"font-weight: 400;\">Solo Informaci\u00f3n General<\/span><\/h2>\n<p><span style=\"font-weight: 400;\">El contenido proporcionado en este sitio web tiene \u00fanicamente fines informativos generales. No constituye asesor\u00eda legal y no debe considerarse como tal. Se recomienda encarecidamente a los visitantes buscar el consejo de un abogado calificado que pueda evaluar los detalles espec\u00edficos de su situaci\u00f3n legal y brindar orientaci\u00f3n basada en las leyes aplicables.<\/span><\/p>\n<h2><span style=\"font-weight: 400;\">Relaci\u00f3n Abogado-Cliente<\/span><\/h2>\n<p><span style=\"font-weight: 400;\">El uso de este sitio web o de cualquier informaci\u00f3n proporcionada en el mismo no establece una relaci\u00f3n abogado-cliente entre t\u00fa y Mi Abogado Mark. Una relaci\u00f3n abogado-cliente solo se forma despu\u00e9s de que se firme un acuerdo. Cualquier declaraci\u00f3n o descripci\u00f3n en este sitio web no constituye garant\u00edas, promesas ni aseguranzas de resultados espec\u00edficos en ning\u00fan asunto o caso legal.<\/span><\/p>\n<h2><span style=\"font-weight: 400;\">Comunicaci\u00f3n<\/span><\/h2>\n<p><span style=\"font-weight: 400;\">Las llamadas telef\u00f3nicas realizadas a Mi Abogado Mark pueden ser grabadas o monitoreadas para garantizar la calidad del servicio. Ofrecemos consultas gratuitas por tel\u00e9fono o en persona para discutir tus necesidades legales. Si env\u00edas una consulta a trav\u00e9s del sitio web o dejas un mensaje de voz, un representante responder\u00e1 dentro de las 24 horas h\u00e1biles.<\/span><\/p>\n<h2><span style=\"font-weight: 400;\">Representaci\u00f3n Legal<\/span><\/h2>\n<p><span style=\"font-weight: 400;\">Mark Ramos Kiran, fundador y abogado principal de Mi Abogado Mark, lidera la firma. Sin embargo, es posible que no maneje personalmente tu caso. Tu caso ser\u00e1 gestionado y supervisado por un abogado calificado y experimentado con licencia para ejercer la abogac\u00eda en el Estado de California. Todos los abogados de Mi Abogado Mark son miembros activos de las asociaciones de abogados de sus respectivos estados.<\/span><\/p>\n<h2><span style=\"font-weight: 400;\">Limitaci\u00f3n de Responsabilidad<\/span><\/h2>\n<p><span style=\"font-weight: 400;\">Los materiales e informaci\u00f3n en este sitio web se proporcionan &#8220;tal cual&#8221; y sin garant\u00edas de ning\u00fan tipo, ya sean expl\u00edcitas o impl\u00edcitas. Mi Abogado Mark no asume ninguna responsabilidad por las acciones tomadas o no tomadas basadas en la informaci\u00f3n de este sitio web.<\/span><\/p>\n<h2><span style=\"font-weight: 400;\">Cont\u00e1ctanos<\/span><\/h2>\n<p><span style=\"font-weight: 400;\">Para obtener m\u00e1s aclaraciones o preguntas relacionadas con este aviso legal, por favor comun\u00edcate con nosotros:<\/span><span style=\"font-weight: 400;\"><br \/>\n<\/span><span style=\"font-weight: 400;\">Tel\u00e9fono: (888) 824-1025<\/span><span style=\"font-weight: 400;\"><br \/>\n<\/span><span style=\"font-weight: 400;\">Correo electr\u00f3nico: info@mylawyermark.com<\/span><span style=\"font-weight: 400;\"><br \/>\n<\/span><span style=\"font-weight: 400;\">Direcci\u00f3n de la oficina: 205 S. Broadway, Ste 500, Los \u00c1ngeles, CA 90012.<\/span><\/p>\n<p><span style=\"font-weight: 400;\">Al usar este sitio web, reconoces y aceptas los t\u00e9rminos descritos en este aviso legal<\/span><\/p>\n<\/div><\/div><\/div><\/div><\/div><\/div><\/div><\/div><\/div><\/div><\/div><\/section>","protected":false},"excerpt":{"rendered":"Aviso Legal Uso de Medios Mi Abogado Mark podr\u00eda utilizar im\u00e1genes, videos y contenido de audio que incluyan actores u otras personas con fines visuales en este sitio web. Esto incluye testimonios, recreaciones de accidentes, fotos grupales del equipo y otros medios. Adem\u00e1s, algunas personas que aparecen en estas fotos o videos pueden ya no...","protected":false},"author":13,"featured_media":0,"parent":0,"menu_order":0,"comment_status":"closed","ping_status":"closed","template":"","meta":{"_acf_changed":false,"footnotes":""},"class_list":["post-12161","page","type-page","status-publish","hentry"],"acf":[],"yoast_head":"<!-- This site is optimized with the Yoast SEO plugin v27.4 - https:\/\/yoast.com\/product\/yoast-seo-wordpress\/ -->\n<title>Disclaimer | My Lawyer Mark<\/title>\n<meta name=\"robots\" content=\"index, follow, max-snippet:-1, max-image-preview:large, max-video-preview:-1\" \/>\n<link rel=\"canonical\" href=\"https:\/\/mylawyermark.com\/es\/disclaimer\/\" \/>\n<meta property=\"og:locale\" content=\"es_MX\" \/>\n<meta property=\"og:type\" content=\"article\" \/>\n<meta property=\"og:title\" content=\"Disclaimer | My Lawyer Mark\" \/>\n<meta property=\"og:url\" content=\"https:\/\/mylawyermark.com\/es\/disclaimer\/\" \/>\n<meta property=\"og:site_name\" content=\"My Lawyer Mark\" \/>\n<meta name=\"twitter:card\" content=\"summary_large_image\" \/>\n<meta name=\"twitter:label1\" content=\"Tiempo de lectura\" \/>\n\t<meta name=\"twitter:data1\" content=\"4 minutos\" \/>\n<script type=\"application\/ld+json\" class=\"yoast-schema-graph\">{\"@context\":\"https:\\\/\\\/schema.org\",\"@graph\":[{\"@type\":\"WebPage\",\"@id\":\"https:\\\/\\\/mylawyermark.com\\\/disclaimer\\\/\",\"url\":\"https:\\\/\\\/mylawyermark.com\\\/disclaimer\\\/\",\"name\":\"Disclaimer | My Lawyer Mark\",\"isPartOf\":{\"@id\":\"https:\\\/\\\/mylawyermark.com\\\/#website\"},\"datePublished\":\"2024-11-29T23:26:13+00:00\",\"breadcrumb\":{\"@id\":\"https:\\\/\\\/mylawyermark.com\\\/disclaimer\\\/#breadcrumb\"},\"inLanguage\":\"es\",\"potentialAction\":[{\"@type\":\"ReadAction\",\"target\":[\"https:\\\/\\\/mylawyermark.com\\\/disclaimer\\\/\"]}]},{\"@type\":\"BreadcrumbList\",\"@id\":\"https:\\\/\\\/mylawyermark.com\\\/disclaimer\\\/#breadcrumb\",\"itemListElement\":[{\"@type\":\"ListItem\",\"position\":1,\"name\":\"Home\",\"item\":\"https:\\\/\\\/mylawyermark.com\\\/\"},{\"@type\":\"ListItem\",\"position\":2,\"name\":\"Disclaimer\"}]},{\"@type\":\"WebSite\",\"@id\":\"https:\\\/\\\/mylawyermark.com\\\/#website\",\"url\":\"https:\\\/\\\/mylawyermark.com\\\/\",\"name\":\"My Lawyer Mark\",\"description\":\"The Accident, Injury, and Compensation Attorney\",\"publisher\":{\"@id\":\"https:\\\/\\\/mylawyermark.com\\\/#organization\"},\"alternateName\":\"Mi Abogado Mark\",\"potentialAction\":[{\"@type\":\"SearchAction\",\"target\":{\"@type\":\"EntryPoint\",\"urlTemplate\":\"https:\\\/\\\/mylawyermark.com\\\/?s={search_term_string}\"},\"query-input\":{\"@type\":\"PropertyValueSpecification\",\"valueRequired\":true,\"valueName\":\"search_term_string\"}}],\"inLanguage\":\"es\"},{\"@type\":\"Organization\",\"@id\":\"https:\\\/\\\/mylawyermark.com\\\/#organization\",\"name\":\"My Lawyer Mark\",\"alternateName\":\"My Lawyer Mark\",\"url\":\"https:\\\/\\\/mylawyermark.com\\\/\",\"logo\":{\"@type\":\"ImageObject\",\"inLanguage\":\"es\",\"@id\":\"https:\\\/\\\/mylawyermark.com\\\/#\\\/schema\\\/logo\\\/image\\\/\",\"url\":\"https:\\\/\\\/mylawyermark.com\\\/wp-content\\\/uploads\\\/2024\\\/04\\\/My-Lawyer-Mark-Logo-GOLD-ON-BLACK.svg\",\"contentUrl\":\"https:\\\/\\\/mylawyermark.com\\\/wp-content\\\/uploads\\\/2024\\\/04\\\/My-Lawyer-Mark-Logo-GOLD-ON-BLACK.svg\",\"width\":\"1024\",\"height\":\"1024\",\"caption\":\"My Lawyer Mark\"},\"image\":{\"@id\":\"https:\\\/\\\/mylawyermark.com\\\/#\\\/schema\\\/logo\\\/image\\\/\"}}]}<\/script>\n<!-- \/ Yoast SEO plugin. -->","yoast_head_json":{"title":"Disclaimer | My Lawyer Mark","robots":{"index":"index","follow":"follow","max-snippet":"max-snippet:-1","max-image-preview":"max-image-preview:large","max-video-preview":"max-video-preview:-1"},"canonical":"https:\/\/mylawyermark.com\/es\/disclaimer\/","og_locale":"es_MX","og_type":"article","og_title":"Disclaimer | My Lawyer Mark","og_url":"https:\/\/mylawyermark.com\/es\/disclaimer\/","og_site_name":"My Lawyer Mark","twitter_card":"summary_large_image","twitter_misc":{"Tiempo de lectura":"4 minutos"},"schema":{"@context":"https:\/\/schema.org","@graph":[{"@type":"WebPage","@id":"https:\/\/mylawyermark.com\/disclaimer\/","url":"https:\/\/mylawyermark.com\/disclaimer\/","name":"Disclaimer | My Lawyer Mark","isPartOf":{"@id":"https:\/\/mylawyermark.com\/#website"},"datePublished":"2024-11-29T23:26:13+00:00","breadcrumb":{"@id":"https:\/\/mylawyermark.com\/disclaimer\/#breadcrumb"},"inLanguage":"es","potentialAction":[{"@type":"ReadAction","target":["https:\/\/mylawyermark.com\/disclaimer\/"]}]},{"@type":"BreadcrumbList","@id":"https:\/\/mylawyermark.com\/disclaimer\/#breadcrumb","itemListElement":[{"@type":"ListItem","position":1,"name":"Home","item":"https:\/\/mylawyermark.com\/"},{"@type":"ListItem","position":2,"name":"Disclaimer"}]},{"@type":"WebSite","@id":"https:\/\/mylawyermark.com\/#website","url":"https:\/\/mylawyermark.com\/","name":"My Lawyer Mark","description":"The Accident, Injury, and Compensation Attorney","publisher":{"@id":"https:\/\/mylawyermark.com\/#organization"},"alternateName":"Mi Abogado Mark","potentialAction":[{"@type":"SearchAction","target":{"@type":"EntryPoint","urlTemplate":"https:\/\/mylawyermark.com\/?s={search_term_string}"},"query-input":{"@type":"PropertyValueSpecification","valueRequired":true,"valueName":"search_term_string"}}],"inLanguage":"es"},{"@type":"Organization","@id":"https:\/\/mylawyermark.com\/#organization","name":"My Lawyer Mark","alternateName":"My Lawyer Mark","url":"https:\/\/mylawyermark.com\/","logo":{"@type":"ImageObject","inLanguage":"es","@id":"https:\/\/mylawyermark.com\/#\/schema\/logo\/image\/","url":"https:\/\/mylawyermark.com\/wp-content\/uploads\/2024\/04\/My-Lawyer-Mark-Logo-GOLD-ON-BLACK.svg","contentUrl":"https:\/\/mylawyermark.com\/wp-content\/uploads\/2024\/04\/My-Lawyer-Mark-Logo-GOLD-ON-BLACK.svg","width":"1024","height":"1024","caption":"My Lawyer Mark"},"image":{"@id":"https:\/\/mylawyermark.com\/#\/schema\/logo\/image\/"}}]}},"_links":{"self":[{"href":"https:\/\/mylawyermark.com\/es\/wp-json\/wp\/v2\/pages\/12161","targetHints":{"allow":["GET"]}}],"collection":[{"href":"https:\/\/mylawyermark.com\/es\/wp-json\/wp\/v2\/pages"}],"about":[{"href":"https:\/\/mylawyermark.com\/es\/wp-json\/wp\/v2\/types\/page"}],"author":[{"embeddable":true,"href":"https:\/\/mylawyermark.com\/es\/wp-json\/wp\/v2\/users\/13"}],"replies":[{"embeddable":true,"href":"https:\/\/mylawyermark.com\/es\/wp-json\/wp\/v2\/comments?post=12161"}],"version-history":[{"count":0,"href":"https:\/\/mylawyermark.com\/es\/wp-json\/wp\/v2\/pages\/12161\/revisions"}],"wp:attachment":[{"href":"https:\/\/mylawyermark.com\/es\/wp-json\/wp\/v2\/media?parent=12161"}],"curies":[{"name":"wp","href":"https:\/\/api.w.org\/{rel}","templated":true}]}}